{"id":216,"date":"2018-12-30T14:45:41","date_gmt":"2018-12-30T13:45:41","guid":{"rendered":"http:\/\/tsv-bischofsheim.de\/wp\/?page_id=216"},"modified":"2021-11-07T17:11:53","modified_gmt":"2021-11-07T16:11:53","slug":"kraftsport","status":"publish","type":"page","link":"http:\/\/tsv-bischofsheim.de\/wp\/sample-page\/kraftsport\/","title":{"rendered":"Kraftsport"},"content":{"rendered":"\n<p><\/p>\n\n\n\n<p><strong>Betreuung und Ansprechpartner:<\/strong> Dieter B\u00fcttner, Wolfgang Finger und J\u00fcrgen Leiber<\/p>\n\n\n\n<p><strong>Trainingszeiten:<\/strong> Montag &#8211; Freitag, 17:30 &#8211; 20:30 Uhr<br>                               Samstag, 14:00 &#8211; 16:00 Uhr<\/p>\n\n\n\n<p><strong>Alter:<\/strong> Jugendliche, M\u00e4nner und Frauen<\/p>\n\n\n\n<p><strong>Ort:<\/strong> Helmut-Becker-Halle<\/p>\n\n\n\n<p><strong>Die Kraftschmiede &#8211; Fitnessstudio des TSV Bischofsheim<\/strong><\/p>\n\n\n\n<p>Die Kraftschmiede, der Kraftraum des TSV Bischofsheim, pr\u00e4sentiert sich  mit einer F\u00fclle an Kraftmaschinen und Hanteln. Ein Eldorado f\u00fcr jeden,  der gezielt einzelne Muskeln oder Muskelgruppen trainieren will.  Nat\u00fcrlich muss jeder klein anfangen. Unter der Anleitung erfahrener  \u201eKrofter\u201c wird jede \u00dcbung &#8222;richtig&#8220; angegangen, damit die Belastung dem  K\u00f6rper nicht schadet. <br>Wie Dieter B\u00fcttner, Leiter der Kraftsportabteilung im TSV Bischofsheim, sagt, geht es vor allem um die Steigerung von Kraft und Ausdauer. Man soll sich wohl und fit f\u00fchlen. Und diese Fitness kommt einem auch im Beruf zugute. Ebenfalls hebt er den Gesundheitsaspekt hervor. R\u00fcckenschmerzen und Bandscheibenbeschwerden &#8211; Volkskrankheiten der heutigen Zeit &#8211; lassen sich durch gezieltes Training weitgehend lindern.<\/p>\n\n\n\n<p><br><\/p>\n\n\n\n<p><br><\/p>\n","protected":false},"excerpt":{"rendered":"<p>Betreuung und Ansprechpartner: Dieter B\u00fcttner, Wolfgang Finger und J\u00fcrgen Leiber Trainingszeiten: Montag &#8211; Freitag, 17:30 &#8211; 20:30 Uhr Samstag, 14:00 &#8211; 16:00 Uhr Alter: Jugendliche, M\u00e4nner und Frauen Ort: Helmut-Becker-Halle Die Kraftschmiede &#8211; Fitnessstudio des TSV Bischofsheim Die Kraftschmiede, der Kraftraum des TSV Bischofsheim, pr\u00e4sentiert sich mit einer F\u00fclle an Kraftmaschinen und Hanteln. Ein Eldorado &#8230; <a title=\"Kraftsport\" class=\"read-more\" href=\"http:\/\/tsv-bischofsheim.de\/wp\/sample-page\/kraftsport\/\">Read more<\/a><\/p>\n","protected":false},"author":1,"featured_media":0,"parent":2,"menu_order":0,"comment_status":"closed","ping_status":"closed","template":"","meta":{"ngg_post_thumbnail":0,"footnotes":""},"class_list":["post-216","page","type-page","status-publish"],"_links":{"self":[{"href":"http:\/\/tsv-bischofsheim.de\/wp\/wp-json\/wp\/v2\/pages\/216","targetHints":{"allow":["GET"]}}],"collection":[{"href":"http:\/\/tsv-bischofsheim.de\/wp\/wp-json\/wp\/v2\/pages"}],"about":[{"href":"http:\/\/tsv-bischofsheim.de\/wp\/wp-json\/wp\/v2\/types\/page"}],"author":[{"embeddable":true,"href":"http:\/\/tsv-bischofsheim.de\/wp\/wp-json\/wp\/v2\/users\/1"}],"replies":[{"embeddable":true,"href":"http:\/\/tsv-bischofsheim.de\/wp\/wp-json\/wp\/v2\/comments?post=216"}],"version-history":[{"count":7,"href":"http:\/\/tsv-bischofsheim.de\/wp\/wp-json\/wp\/v2\/pages\/216\/revisions"}],"predecessor-version":[{"id":872,"href":"http:\/\/tsv-bischofsheim.de\/wp\/wp-json\/wp\/v2\/pages\/216\/revisions\/872"}],"up":[{"embeddable":true,"href":"http:\/\/tsv-bischofsheim.de\/wp\/wp-json\/wp\/v2\/pages\/2"}],"wp:attachment":[{"href":"http:\/\/tsv-bischofsheim.de\/wp\/wp-json\/wp\/v2\/media?parent=216"}],"curies":[{"name":"wp","href":"https:\/\/api.w.org\/{rel}","templated":true}]}}