{"id":422,"date":"2019-03-13T11:49:05","date_gmt":"2019-03-13T10:49:05","guid":{"rendered":"http:\/\/tsv-bischofsheim.de\/wp\/?page_id=422"},"modified":"2019-03-13T11:54:38","modified_gmt":"2019-03-13T10:54:38","slug":"impressum","status":"publish","type":"page","link":"http:\/\/tsv-bischofsheim.de\/wp\/impressum\/","title":{"rendered":"Impressum"},"content":{"rendered":"\n<h3 class=\"wp-block-heading\">Turn- und Sportverein Bischofsheim e.V.<\/h3>\n\n\n\n<p>M\u00fchlackerstra\u00dfe 4<br><br>\n97653 Bischofsheim a. d. Rh\u00f6n<br><br>\nTelefon: +49 (0)9772 93 15 04<br><br>\nE-Mail: <a href=\"mailto:vorstand@tsv-bischofsheim.de\">vorstand[at]tsv-bischofsheim.de<\/a><br><br>\n<br><br>\nRegistergericht: Amtsgericht Bad Neustadt<br><br>\nRegisternummer: Vereinsregister VB 97<br><\/p>\n\n\n\n<h3 class=\"wp-block-heading\">Vertretungsberechtigter Vorstand<\/h3>\n\n\n\n<ol class=\"wp-block-list\"><li>Vorsitzender<br><br> Gunnar Schatz<br> M\u00fchlackerstra\u00dfe 4<br> 97653 Bischofsheim a. d. Rh\u00f6n<br> Telefon: +49 (0)9772 93 15 04<br> E-Mail: <a href=\"mailto:vorstand@tsv-bischofsheim.de\">vorstand[at]tsv-bischofsheim.de<\/a><br><\/li><\/ol>\n\n\n\n<h3 class=\"wp-block-heading\">Haftungshinweis<\/h3>\n\n\n\n<p>Trotz sorgf\u00e4ltiger inhaltlicher Kontrolle \u00fcbernehmen wir keine Haftung f\u00fcr die Inhalte externer Links. F\u00fcr den Inhalt der verlinkten Seiten sind ausschlie\u00dflich deren Betreiber verantwortlich.<br>\n<br><\/p>\n","protected":false},"excerpt":{"rendered":"<p>Turn- und Sportverein Bischofsheim e.V. M\u00fchlackerstra\u00dfe 4 97653 Bischofsheim a. d. Rh\u00f6n Telefon: +49 (0)9772 93 15 04 E-Mail: vorstand[at]tsv-bischofsheim.de Registergericht: Amtsgericht Bad Neustadt Registernummer: Vereinsregister VB 97 Vertretungsberechtigter Vorstand Vorsitzender Gunnar Schatz M\u00fchlackerstra\u00dfe 4 97653 Bischofsheim a. d. Rh\u00f6n Telefon: +49 (0)9772 93 15 04 E-Mail: vorstand[at]tsv-bischofsheim.de Haftungshinweis Trotz sorgf\u00e4ltiger inhaltlicher Kontrolle \u00fcbernehmen wir &#8230; <a title=\"Impressum\" class=\"read-more\" href=\"http:\/\/tsv-bischofsheim.de\/wp\/impressum\/\">Read more<\/a><\/p>\n","protected":false},"author":1,"featured_media":0,"parent":0,"menu_order":0,"comment_status":"closed","ping_status":"closed","template":"","meta":{"ngg_post_thumbnail":0,"footnotes":""},"class_list":["post-422","page","type-page","status-publish"],"_links":{"self":[{"href":"http:\/\/tsv-bischofsheim.de\/wp\/wp-json\/wp\/v2\/pages\/422","targetHints":{"allow":["GET"]}}],"collection":[{"href":"http:\/\/tsv-bischofsheim.de\/wp\/wp-json\/wp\/v2\/pages"}],"about":[{"href":"http:\/\/tsv-bischofsheim.de\/wp\/wp-json\/wp\/v2\/types\/page"}],"author":[{"embeddable":true,"href":"http:\/\/tsv-bischofsheim.de\/wp\/wp-json\/wp\/v2\/users\/1"}],"replies":[{"embeddable":true,"href":"http:\/\/tsv-bischofsheim.de\/wp\/wp-json\/wp\/v2\/comments?post=422"}],"version-history":[{"count":2,"href":"http:\/\/tsv-bischofsheim.de\/wp\/wp-json\/wp\/v2\/pages\/422\/revisions"}],"predecessor-version":[{"id":431,"href":"http:\/\/tsv-bischofsheim.de\/wp\/wp-json\/wp\/v2\/pages\/422\/revisions\/431"}],"wp:attachment":[{"href":"http:\/\/tsv-bischofsheim.de\/wp\/wp-json\/wp\/v2\/media?parent=422"}],"curies":[{"name":"wp","href":"https:\/\/api.w.org\/{rel}","templated":true}]}}